{"id":83,"date":"2013-11-28T15:49:19","date_gmt":"2013-11-28T13:49:19","guid":{"rendered":"http:\/\/bik-kabeltechnik.com\/wordpress\/?page_id=83"},"modified":"2021-09-23T09:14:07","modified_gmt":"2021-09-23T07:14:07","slug":"zuendkabel","status":"publish","type":"page","link":"http:\/\/bik-kabeltechnik.com\/?page_id=83","title":{"rendered":"Z\u00fcndkabel"},"content":{"rendered":"<ul>\n \t<li data-tadv-p=\"keep\"><a href=\"http:\/\/bik-kabeltechnik.com\/wp-content\/uploads\/2013\/11\/shutterstock_98921087.jpg\"><img loading=\"lazy\" class=\"size-full wp-image-129 alignright\" src=\"http:\/\/bik-kabeltechnik.com\/wp-content\/uploads\/2013\/11\/shutterstock_98921087.jpg\" alt=\"Z\u00fcndkabel\" width=\"341\" height=\"240\" srcset=\"http:\/\/bik-kabeltechnik.com\/wp-content\/uploads\/2013\/11\/shutterstock_98921087.jpg 500w, http:\/\/bik-kabeltechnik.com\/wp-content\/uploads\/2013\/11\/shutterstock_98921087-300x211.jpg 300w\" sizes=\"(max-width: 341px) 100vw, 341px\" \/><\/a>Z\u00fcndkabel, vorwiegend f\u00fcr die Heizungstechnik<\/li>\n \t<li data-tadv-p=\"keep\">aus PVC, Silikon und Teflon mit Z\u00fcndkerzenstecker aller Art<\/li>\n<\/ul>\n<p><span style=\"font-size: xx-small; color: #ffffff;\">Z\u00fcndleitung<\/span><\/p>","protected":false},"excerpt":{"rendered":"<p>Z\u00fcndkabel, vorwiegend f\u00fcr die Heizungstechnik aus PVC, Silikon und Teflon mit Z\u00fcndkerzenstecker aller Art Z\u00fcndleitung<\/p>\n","protected":false},"author":1,"featured_media":0,"parent":0,"menu_order":0,"comment_status":"closed","ping_status":"closed","template":"","meta":{"ngg_post_thumbnail":0},"_links":{"self":[{"href":"http:\/\/bik-kabeltechnik.com\/index.php?rest_route=\/wp\/v2\/pages\/83"}],"collection":[{"href":"http:\/\/bik-kabeltechnik.com\/index.php?rest_route=\/wp\/v2\/pages"}],"about":[{"href":"http:\/\/bik-kabeltechnik.com\/index.php?rest_route=\/wp\/v2\/types\/page"}],"author":[{"embeddable":true,"href":"http:\/\/bik-kabeltechnik.com\/index.php?rest_route=\/wp\/v2\/users\/1"}],"replies":[{"embeddable":true,"href":"http:\/\/bik-kabeltechnik.com\/index.php?rest_route=%2Fwp%2Fv2%2Fcomments&post=83"}],"version-history":[{"count":8,"href":"http:\/\/bik-kabeltechnik.com\/index.php?rest_route=\/wp\/v2\/pages\/83\/revisions"}],"predecessor-version":[{"id":809,"href":"http:\/\/bik-kabeltechnik.com\/index.php?rest_route=\/wp\/v2\/pages\/83\/revisions\/809"}],"wp:attachment":[{"href":"http:\/\/bik-kabeltechnik.com\/index.php?rest_route=%2Fwp%2Fv2%2Fmedia&parent=83"}],"curies":[{"name":"wp","href":"https:\/\/api.w.org\/{rel}","templated":true}]}}