{"id":75,"date":"2013-11-28T15:48:21","date_gmt":"2013-11-28T13:48:21","guid":{"rendered":"http:\/\/bik-kabeltechnik.com\/wordpress\/?page_id=75"},"modified":"2014-08-11T14:13:49","modified_gmt":"2014-08-11T12:13:49","slug":"einzeladern","status":"publish","type":"page","link":"http:\/\/bik-kabeltechnik.com\/?page_id=75","title":{"rendered":"Einzeladern"},"content":{"rendered":"<p><a href=\"http:\/\/bik-kabeltechnik.com\/wp-content\/uploads\/2013\/11\/shutterstock_89002558.jpg\"><img loading=\"lazy\" class=\"size-full wp-image-115 alignright\" src=\"http:\/\/bik-kabeltechnik.com\/wp-content\/uploads\/2013\/11\/shutterstock_89002558.jpg\" alt=\"Einzeladern\" width=\"411\" height=\"411\" srcset=\"http:\/\/bik-kabeltechnik.com\/wp-content\/uploads\/2013\/11\/shutterstock_89002558.jpg 500w, http:\/\/bik-kabeltechnik.com\/wp-content\/uploads\/2013\/11\/shutterstock_89002558-150x150.jpg 150w, http:\/\/bik-kabeltechnik.com\/wp-content\/uploads\/2013\/11\/shutterstock_89002558-300x300.jpg 300w\" sizes=\"(max-width: 411px) 100vw, 411px\" \/><\/a><\/p>\r\n<p>&#8211; Litzen und Einzeladern mit PVC, Silikon und Teflon-Isolierung;<\/p>\r\n<p>&#8211; Querschnitte von 0,05mm\u00b2-50mm\u00b2 (AWG30-AWG0);<\/p>\r\n<p>&#8211; Adern k\u00f6nnen blank sein, vercrimpt oder verzinnt;<\/p>\r\n<p>&#8211; Anbringung von T\u00fcllen und Geh\u00e4usen;<\/p>\r\n<p>&#8211; sowie Schrumpfschl\u00e4uche und Isolierschl\u00e4uche<\/p>\r\n<p><span style=\"font-size: xx-small; color: #ffffff;\">Einzellitzen<\/span><\/p>\r\n<p><span style=\"font-size: xx-small; color: #ffffff;\">\u00a0Einzelader Einzelader Einzelader<\/span><\/p>\r\n<p>&nbsp;<\/p>\r\n<p>&nbsp;<\/p>","protected":false},"excerpt":{"rendered":"<p>&#8211; Litzen und Einzeladern mit PVC, Silikon und Teflon-Isolierung; &#8211; Querschnitte von 0,05mm\u00b2-50mm\u00b2 (AWG30-AWG0); &#8211; Adern k\u00f6nnen blank sein, vercrimpt oder verzinnt; &#8211; Anbringung von T\u00fcllen und Geh\u00e4usen; &#8211; sowie &#8230;<\/p>\n","protected":false},"author":1,"featured_media":115,"parent":0,"menu_order":0,"comment_status":"closed","ping_status":"closed","template":"","meta":{"ngg_post_thumbnail":0},"_links":{"self":[{"href":"http:\/\/bik-kabeltechnik.com\/index.php?rest_route=\/wp\/v2\/pages\/75"}],"collection":[{"href":"http:\/\/bik-kabeltechnik.com\/index.php?rest_route=\/wp\/v2\/pages"}],"about":[{"href":"http:\/\/bik-kabeltechnik.com\/index.php?rest_route=\/wp\/v2\/types\/page"}],"author":[{"embeddable":true,"href":"http:\/\/bik-kabeltechnik.com\/index.php?rest_route=\/wp\/v2\/users\/1"}],"replies":[{"embeddable":true,"href":"http:\/\/bik-kabeltechnik.com\/index.php?rest_route=%2Fwp%2Fv2%2Fcomments&post=75"}],"version-history":[{"count":14,"href":"http:\/\/bik-kabeltechnik.com\/index.php?rest_route=\/wp\/v2\/pages\/75\/revisions"}],"predecessor-version":[{"id":678,"href":"http:\/\/bik-kabeltechnik.com\/index.php?rest_route=\/wp\/v2\/pages\/75\/revisions\/678"}],"wp:featuredmedia":[{"embeddable":true,"href":"http:\/\/bik-kabeltechnik.com\/index.php?rest_route=\/wp\/v2\/media\/115"}],"wp:attachment":[{"href":"http:\/\/bik-kabeltechnik.com\/index.php?rest_route=%2Fwp%2Fv2%2Fmedia&parent=75"}],"curies":[{"name":"wp","href":"https:\/\/api.w.org\/{rel}","templated":true}]}}