{"id":482,"date":"2013-12-11T13:02:22","date_gmt":"2013-12-11T11:02:22","guid":{"rendered":"http:\/\/bik-kabeltechnik.com\/wordpress\/?page_id=482"},"modified":"2021-01-17T20:05:54","modified_gmt":"2021-01-17T18:05:54","slug":"impressum-2","status":"publish","type":"page","link":"http:\/\/bik-kabeltechnik.com\/?page_id=482","title":{"rendered":"Impressum"},"content":{"rendered":"<p><strong>BIK Elektrosysteme und Kabeltechnik<br \/><\/strong><\/p>\r\n<p>Adresse:<br \/>Triberger Stra\u00dfe 4<br \/>78112 St.Georgen<br \/>Tel.: 07724 917872<br \/>Fax: 07724 917870<\/p>\r\n<p>info@bik-kabeltechnik.com<br \/>www.bik-kabeltechnik.com<\/p>\r\n<p>Umsatzsteuer-Identifikationsnummer gem\u00e4\u00df \u00a7 27 a: DE 234656598<\/p>\r\n<p>Einzelunternehmen<br \/>Inhaber: Gerardo Barberio<br \/>_________________________________________________________________________________________________________________<br \/>Verantwortlich f\u00fcr Inhalt und Gestaltung der Internetpr\u00e4sentation ist die Fima BIK Elektrosysteme und Kabeltechnik.<br \/>Layout und Gestaltung dieser Pr\u00e4sentation sowie die enthaltenen Informationen sind gem\u00e4\u00df dem Urheberrechtsgesetz gesch\u00fctzt. Das ist auch zu beachten, wenn auf diesen Internetseiten erscheinende Materialien Dritter zur Informationsgewinnung verwendet oder kopiert werden.<br \/>Eingetragene und nicht eingetragene Warenzeichen dieser Internetpr\u00e4sentation oder Dritter d\u00fcrfen &#8211; ohne vorherige schriftliche Zustimmung- nicht in Werbematerialien oder anderen Ver\u00f6ffentlichungen, im Zusammenhang mit der Verbreitung von Informationen verwendet werden.<br \/>Alle Angaben erfolgen ohne Gew\u00e4hr. Eine Haftung f\u00fcr Sch\u00e4den, die sich aus der Verwendung der ver\u00f6ffentlichten Inhalte ergeben, ist ausgeschlossen.<br \/>_________________________________________________________________________________________________________________<br \/><strong>Haftungsausschluss<\/strong><\/p>\r\n<p>1. Inhalt des Onlineangebotes<br \/>Der Autor \u00fcbernimmt keinerlei Gew\u00e4hr f\u00fcr die Aktualit\u00e4t, Korrektheit, Vollst\u00e4ndigkeit oder Qualit\u00e4t der bereitgestellten Informationen. Haftungsanspr\u00fcche gegen den Autor, welche sich auf Sch\u00e4den materieller oder ideeller Art beziehen, die durch die Nutzung oder Nichtnutzung der dargebotenen Informationen bzw. durch die Nutzung fehlerhafter und unvollst\u00e4ndiger Informationen verursacht wurden, sind grunds\u00e4tzlich ausgeschlossen, sofern seitens des Autors kein nachweislich vors\u00e4tzliches oder grob fahrl\u00e4ssiges Verschulden vorliegt.Alle Angebote sind freibleibend und unverbindlich. Der Autor beh\u00e4lt es sich ausdr\u00fccklich vor, Teile der Seiten oder das gesamte Angebot ohne gesonderte Ank\u00fcndigung zu ver\u00e4ndern, zu erg\u00e4nzen, zu l\u00f6schen oder die Ver\u00f6ffentlichung zeitweise oder endg\u00fcltig einzustellen.<\/p>\r\n<p>2. Verweise und Links<br \/>Bei direkten oder indirekten Verweisen auf fremde Webseiten (&#8222;Hyperlinks&#8220;), die au\u00dferhalb des Verantwortungsbereiches des Autors liegen, w\u00fcrde eine Haftungsverpflichtung ausschlie\u00dflich in dem Fall in Kraft treten, in dem der Autor von den Inhalten Kenntnis hat und es ihm technisch m\u00f6glich und zumutbar w\u00e4re, die Nutzung im Falle rechtswidriger Inhalte zu verhindern.Der Autor erkl\u00e4rt hiermit ausdr\u00fccklich, dass zum Zeitpunkt der Linksetzung keine illegalen Inhalte auf den zu verlinkenden Seiten erkennbar waren. Auf die aktuelle und zuk\u00fcnftige Gestaltung, die Inhalte oder die Urheberschaft der verlinkten\/verkn\u00fcpften Seiten hat der Autor keinerlei Einfluss. Deshalb distanziert er sich hiermit ausdr\u00fccklich von allen Inhalten aller verlinkten \/verkn\u00fcpften Seiten, die nach der Linksetzung ver\u00e4ndert wurden. Diese Feststellung gilt f\u00fcr alle innerhalb des eigenen Internetangebotes gesetzten Links und Verweise sowie f\u00fcr Fremdeintr\u00e4ge in vom Autor eingerichteten G\u00e4steb\u00fcchern, Diskussionsforen, Linkverzeichnissen, Mailinglisten und in allen anderen Formen von Datenbanken, auf deren Inhalt externe Schreibzugriffe m\u00f6glich sind. F\u00fcr illegale, fehlerhafte oder unvollst\u00e4ndige Inhalte und insbesondere f\u00fcr Sch\u00e4den, die aus der Nutzung oder Nichtnutzung solcherart dargebotener Informationen entstehen, haftet allein der Anbieter der Seite, auf welche verwiesen wurde, nicht derjenige, der \u00fcber Links auf die jeweilige Ver\u00f6ffentlichung lediglich verweist.<\/p>\r\n<p>3. Urheber- und Kennzeichenrecht<br \/>Der Autor ist bestrebt, in allen Publikationen die Urheberrechte der verwendeten Bilder, Grafiken, Tondokumente, Videosequenzen und Texte zu beachten, von ihm selbst erstellte Bilder, Grafiken, Tondokumente, Videosequenzen und Texte zu nutzen oder auf lizenzfreie Grafiken, Tondokumente, Videosequenzen und Texte zur\u00fcckzugreifen.Alle innerhalb des Internetangebotes genannten und ggf. durch Dritte gesch\u00fctzten Marken- und Warenzeichen unterliegen uneingeschr\u00e4nkt den Bestimmungen des jeweils g\u00fcltigen Kennzeichenrechts und den Besitzrechten der jeweiligen eingetragenen Eigent\u00fcmer. Allein aufgrund der blo\u00dfen Nennung ist nicht der Schluss zu ziehen, dass Markenzeichen nicht durch Rechte Dritter gesch\u00fctzt sind! Das Copyright f\u00fcr ver\u00f6ffentlichte, vom Autor selbst erstellte Objekte bleibt allein beim Autor der Seiten. Eine Vervielf\u00e4ltigung oder Verwendung solcher Grafiken, Tondokumente, Videosequenzen und Texte in anderen elektronischen oder gedruckten Publikationen ist ohne ausdr\u00fcckliche Zustimmung des Autors nicht gestattet.<br \/>Siehe auch <a href=\"http:\/\/bik-kabeltechnik.com\/?page_id=164\">Bildernachweis.<\/a><\/p>\r\n<p>4. Datenschutz<br \/>Sofern innerhalb des Internetangebotes die M\u00f6glichkeit zur Eingabe pers\u00f6nlicher oder gesch\u00e4ftlicher Daten (Emailadressen, Namen, Anschriften) besteht, so erfolgt die Preisgabe dieser Daten seitens des Nutzers auf ausdr\u00fccklich freiwilliger Basis. Die Inanspruchnahme und Bezahlung aller angebotenen Dienste ist &#8211; soweit technisch m\u00f6glich und zumutbar &#8211; auch ohne Angabe solcher Daten bzw. unter Angabe anonymisierter Daten oder eines Pseudonyms gestattet. Die Nutzung der im Rahmen des Impressums oder vergleichbarer Angaben ver\u00f6ffentlichten Kontaktdaten wie Postanschriften, Telefon- und Faxnummern sowie Emailadressen durch Dritte zur \u00dcbersendung von nicht ausdr\u00fccklich angeforderten Informationen ist nicht gestattet. Rechtliche Schritte gegen die Versender von sogenannten Spam-Mails bei Verst\u00f6ssen gegen dieses Verbot sind ausdr\u00fccklich vorbehalten.<\/p>\r\n<p>5. Rechtswirksamkeit dieses Haftungsausschlusses<br \/>Dieser Haftungsausschluss ist als Teil des Internetangebotes zu betrachten, von dem aus auf diese Seite verwiesen wurde. Sofern Teile oder einzelne Formulierungen dieses Textes der geltenden Rechtslage nicht, nicht mehr oder nicht vollst\u00e4ndig entsprechen sollten, bleiben die \u00fcbrigen Teile des Dokumentes in ihrem Inhalt und ihrer G\u00fcltigkeit davon unber\u00fchrt.<\/p>\r\n<p><span style=\"font-size: xx-small; color: #ffffff;\">\u00a0<\/span><\/p>","protected":false},"excerpt":{"rendered":"<p>BIK Elektrosysteme und Kabeltechnik Adresse:Triberger Stra\u00dfe 478112 St.GeorgenTel.: 07724 917872Fax: 07724 917870 info@bik-kabeltechnik.comwww.bik-kabeltechnik.com Umsatzsteuer-Identifikationsnummer gem\u00e4\u00df \u00a7 27 a: DE 234656598 EinzelunternehmenInhaber: Gerardo Barberio_________________________________________________________________________________________________________________Verantwortlich f\u00fcr Inhalt und Gestaltung der Internetpr\u00e4sentation ist &#8230;<\/p>\n","protected":false},"author":1,"featured_media":0,"parent":0,"menu_order":0,"comment_status":"closed","ping_status":"closed","template":"","meta":{"ngg_post_thumbnail":0},"_links":{"self":[{"href":"http:\/\/bik-kabeltechnik.com\/index.php?rest_route=\/wp\/v2\/pages\/482"}],"collection":[{"href":"http:\/\/bik-kabeltechnik.com\/index.php?rest_route=\/wp\/v2\/pages"}],"about":[{"href":"http:\/\/bik-kabeltechnik.com\/index.php?rest_route=\/wp\/v2\/types\/page"}],"author":[{"embeddable":true,"href":"http:\/\/bik-kabeltechnik.com\/index.php?rest_route=\/wp\/v2\/users\/1"}],"replies":[{"embeddable":true,"href":"http:\/\/bik-kabeltechnik.com\/index.php?rest_route=%2Fwp%2Fv2%2Fcomments&post=482"}],"version-history":[{"count":12,"href":"http:\/\/bik-kabeltechnik.com\/index.php?rest_route=\/wp\/v2\/pages\/482\/revisions"}],"predecessor-version":[{"id":723,"href":"http:\/\/bik-kabeltechnik.com\/index.php?rest_route=\/wp\/v2\/pages\/482\/revisions\/723"}],"wp:attachment":[{"href":"http:\/\/bik-kabeltechnik.com\/index.php?rest_route=%2Fwp%2Fv2%2Fmedia&parent=482"}],"curies":[{"name":"wp","href":"https:\/\/api.w.org\/{rel}","templated":true}]}}