{"id":42,"date":"2013-11-28T15:23:32","date_gmt":"2013-11-28T13:23:32","guid":{"rendered":"http:\/\/bik-kabeltechnik.com\/wordpress\/?page_id=42"},"modified":"2021-09-22T14:29:02","modified_gmt":"2021-09-22T12:29:02","slug":"firmenphilosophie","status":"publish","type":"page","link":"http:\/\/bik-kabeltechnik.com\/?page_id=42","title":{"rendered":"Firmenphilosophie"},"content":{"rendered":"<p>Durch unsere Firmenphilosophie versuchen wir unsere Kunden bei den ersten Auftr\u00e4gen zu \u00fcberzeugen und im Weiteren zuverl\u00e4ssig zu beliefern. Die Zufriedenheit unserer Kunden ist die h\u00f6chste Priorit\u00e4t und wir erreichen diese durch <em>Produktivit\u00e4t<\/em>, <em>Flexibilit\u00e4t<\/em> und <em>Qualit\u00e4t<\/em>.<\/p>\n<p>Diese drei Elemente bilden die Grundlage all unserer Unternhmensziele.<\/p>\n<p><span style=\"text-decoration: underline;\"><strong>Produktivit\u00e4t:<\/strong><\/span> &nbsp;&nbsp;&nbsp;&nbsp;&nbsp;&nbsp;&nbsp;&nbsp;&nbsp;<\/p>\n\n<ul>\n \t<li data-tadv-p=\"keep\">wir bem\u00fchen uns sowohl bei der Kommunikation und Beratung unserer Kunden als auch w\u00e4hrend der Produktion darum, effizient zu arbeiten;<\/li>\n \t<li data-tadv-p=\"keep\">die Maschinen und Werkzeuge, die bei uns im Einsatz sind, und alle zus\u00e4tzlichen Technologien entsprechen dem neuesten&nbsp;Stand der Technik;<\/li>\n \t<li data-tadv-p=\"keep\">die Effizienz der Fertigung und des Managements werden st\u00e4ndig kontrolliert &nbsp;und verbessert;&nbsp;&nbsp;<\/li>\n \t<li data-tadv-p=\"keep\">wir arbeiten kostenbewusst.<\/li>\n<\/ul>\n<p><span style=\"text-decoration: underline;\"><strong>Flexibilit\u00e4t:<\/strong><\/span>&nbsp;&nbsp;&nbsp;&nbsp;&nbsp;&nbsp;&nbsp;<\/p>\n\n<ul>\n \t<li data-tadv-p=\"keep\">&nbsp;wir fertigen in Kleinserien bis hin zu Gro\u00dfauftr\u00e4gen;<\/li>\n \t<li data-tadv-p=\"keep\">die Lieferzeiten liegen\u2013 nach Bedarf \u2013 auch weit unter dem durchschnittlichen Produktionszyklus von 4-6 Wochen;<\/li>\n \t<li data-tadv-p=\"keep\">wir bieten eine weitreichende Produktpalette und so gut wie alle Kontakt- und Steckverbindungsmarken an;<\/li>\n \t<li data-tadv-p=\"keep\">Produkt\u00e4nderungen und neue Anforderungen jeglicher Art erfolgen zu voller Zufriedenheit der Kunden.<\/li>\n<\/ul>\n<p><span style=\"text-decoration: underline;\"><strong>Qualit\u00e4t:<\/strong><\/span>&nbsp;&nbsp;&nbsp;&nbsp;&nbsp;&nbsp;&nbsp;&nbsp;&nbsp; &nbsp;&nbsp;<\/p>\n\n<ul>\n \t<li data-tadv-p=\"keep\">&nbsp; unser Managementsystem ist nach ISO 9001:2015 zertifiziert;<\/li>\n \t<li data-tadv-p=\"keep\">&nbsp; die Produkte werden mechanisch sowie elektrisch gepr\u00fcft;<\/li>\n \t<li data-tadv-p=\"keep\">&nbsp;die Produktivit\u00e4t und die Flexibilit\u00e4t erfolgen bei uns nicht auf Kosten der Qualit\u00e4t,&nbsp; die Reklamationen liegen unter 1% der Lieferungen.<\/li>\n<\/ul>\n<p>&nbsp;<\/p>","protected":false},"excerpt":{"rendered":"<p>Durch unsere Firmenphilosophie versuchen wir unsere Kunden bei den ersten Auftr\u00e4gen zu \u00fcberzeugen und im Weiteren zuverl\u00e4ssig zu beliefern. Die Zufriedenheit unserer Kunden ist die h\u00f6chste Priorit\u00e4t und wir erreichen &#8230;<\/p>\n","protected":false},"author":1,"featured_media":0,"parent":0,"menu_order":0,"comment_status":"closed","ping_status":"closed","template":"","meta":{"ngg_post_thumbnail":0},"_links":{"self":[{"href":"http:\/\/bik-kabeltechnik.com\/index.php?rest_route=\/wp\/v2\/pages\/42"}],"collection":[{"href":"http:\/\/bik-kabeltechnik.com\/index.php?rest_route=\/wp\/v2\/pages"}],"about":[{"href":"http:\/\/bik-kabeltechnik.com\/index.php?rest_route=\/wp\/v2\/types\/page"}],"author":[{"embeddable":true,"href":"http:\/\/bik-kabeltechnik.com\/index.php?rest_route=\/wp\/v2\/users\/1"}],"replies":[{"embeddable":true,"href":"http:\/\/bik-kabeltechnik.com\/index.php?rest_route=%2Fwp%2Fv2%2Fcomments&post=42"}],"version-history":[{"count":8,"href":"http:\/\/bik-kabeltechnik.com\/index.php?rest_route=\/wp\/v2\/pages\/42\/revisions"}],"predecessor-version":[{"id":777,"href":"http:\/\/bik-kabeltechnik.com\/index.php?rest_route=\/wp\/v2\/pages\/42\/revisions\/777"}],"wp:attachment":[{"href":"http:\/\/bik-kabeltechnik.com\/index.php?rest_route=%2Fwp%2Fv2%2Fmedia&parent=42"}],"curies":[{"name":"wp","href":"https:\/\/api.w.org\/{rel}","templated":true}]}}