{"id":40,"date":"2013-11-28T15:22:21","date_gmt":"2013-11-28T13:22:21","guid":{"rendered":"http:\/\/bik-kabeltechnik.com\/wordpress\/?page_id=40"},"modified":"2021-09-22T14:25:14","modified_gmt":"2021-09-22T12:25:14","slug":"ueber-uns","status":"publish","type":"page","link":"http:\/\/bik-kabeltechnik.com\/?page_id=40","title":{"rendered":"\u00dcber uns"},"content":{"rendered":"<p>Die Firma BIK ist ein zertifiziertes Unternehmen, das im Bereich Kabelkonfektion&nbsp;und Zusammenbau von Elektronikbaugruppen t\u00e4tig ist.<\/p>\n<p>Seit 2004 auf dem Markt kann BIK in seiner Fertigungsleitung auf eine mehr als drei\u00dfigj\u00e4hrige Erfahrung zur\u00fcckgreifen. Wir versuchen bei der Auftragsbearbeitung die Erwartungen unserer Kunden, die aus den verschiedensten Sektoren stammen, nicht nur zu erf\u00fcllen, sondern zu \u00fcbertreffen. Dabei st\u00fctzen wir uns in erster Linie auf unsere Firmenphilosophie.<\/p>\n<p>Die Produktpalette, die wir dabei anbieten k\u00f6nnen, ist sehr weitreichend und beinhaltet die wichtigsten Zulieferer der Branche. Wir bieten von der Standardl\u00f6sung bis zur ma\u00dfgeschneiderten L\u00f6sung vieles an, um den Markt- und Kundenanspr\u00fcchen gerecht zu werden. BIK dient dar\u00fcber hinaus als Systemlieferant f\u00fcr die Montage elektronischer und elektromechanischer Baugruppen sowie Vergusstechnik f\u00fcr Kabelkonfektion und Elektronik.<\/p>\n<p><span style=\"font-size: xx-small; color: #ffffff;\">Kabelkonfektion, Kabeltechnik, Einzeladern, Flachbandkabel, konfektionierte Kabel, Rundleitungen, Z\u00fcndkabel, Kabelbaum, Crimpen, Verzinnen, Einzellitzen, Steckverbindung.<\/span><\/p>","protected":false},"excerpt":{"rendered":"<p>Die Firma BIK ist ein zertifiziertes Unternehmen, das im Bereich Kabelkonfektion&nbsp;und Zusammenbau von Elektronikbaugruppen t\u00e4tig ist. Seit 2004 auf dem Markt kann BIK in seiner Fertigungsleitung auf eine mehr als &#8230;<\/p>\n","protected":false},"author":1,"featured_media":0,"parent":0,"menu_order":0,"comment_status":"closed","ping_status":"closed","template":"","meta":{"ngg_post_thumbnail":0},"_links":{"self":[{"href":"http:\/\/bik-kabeltechnik.com\/index.php?rest_route=\/wp\/v2\/pages\/40"}],"collection":[{"href":"http:\/\/bik-kabeltechnik.com\/index.php?rest_route=\/wp\/v2\/pages"}],"about":[{"href":"http:\/\/bik-kabeltechnik.com\/index.php?rest_route=\/wp\/v2\/types\/page"}],"author":[{"embeddable":true,"href":"http:\/\/bik-kabeltechnik.com\/index.php?rest_route=\/wp\/v2\/users\/1"}],"replies":[{"embeddable":true,"href":"http:\/\/bik-kabeltechnik.com\/index.php?rest_route=%2Fwp%2Fv2%2Fcomments&post=40"}],"version-history":[{"count":14,"href":"http:\/\/bik-kabeltechnik.com\/index.php?rest_route=\/wp\/v2\/pages\/40\/revisions"}],"predecessor-version":[{"id":775,"href":"http:\/\/bik-kabeltechnik.com\/index.php?rest_route=\/wp\/v2\/pages\/40\/revisions\/775"}],"wp:attachment":[{"href":"http:\/\/bik-kabeltechnik.com\/index.php?rest_route=%2Fwp%2Fv2%2Fmedia&parent=40"}],"curies":[{"name":"wp","href":"https:\/\/api.w.org\/{rel}","templated":true}]}}